{"id":247,"date":"2020-10-12T02:55:00","date_gmt":"2020-10-12T02:55:00","guid":{"rendered":"https:\/\/tecsismtyonline.com\/?page_id=247"},"modified":"2023-08-01T18:14:37","modified_gmt":"2023-08-01T18:14:37","slug":"home","status":"publish","type":"page","link":"https:\/\/tecsismtyonline.com\/","title":{"rendered":"Home"},"content":{"rendered":"\n<div class=\"wp-block-uagb-container uagb-block-3d3ad8da alignfull uagb-is-root-container\"><div class=\"uagb-container-inner-blocks-wrap\">\n<div class=\"wp-block-uagb-container uagb-block-87c1bece\">\n<div class=\"wp-block-uagb-advanced-heading uagb-block-f3e7dd11\"><h1 class=\"uagb-heading-text\">Tu Socio en Tecnolog\u00eda y Sistemas Empresariales<\/h1><p class=\"uagb-desc-text\">Adapta la Tecnolog\u00eda a tu Empresa con Nuestros Servicios Personalizados<\/p><\/div>\n\n\n\n<div class=\"wp-block-buttons is-layout-flex wp-block-buttons-is-layout-flex\">\n<div class=\"wp-block-button\"><a class=\"wp-block-button__link wp-element-button\" href=\"https:\/\/tecsismtyonline.com\/?page_id=250\">Productos<\/a><\/div>\n\n\n\n<div class=\"wp-block-button\"><a class=\"wp-block-button__link wp-element-button\" href=\"https:\/\/tecsismtyonline.com\/#contacto\">Cont\u00e1ctanos<\/a><\/div>\n<\/div>\n<\/div>\n\n\n\n<div class=\"wp-block-uagb-container uagb-block-3c4a9610\">\n<div class=\"wp-block-uagb-image uagb-block-019737e8 wp-block-uagb-image--layout-default wp-block-uagb-image--effect-static wp-block-uagb-image--align-none\"><figure class=\"wp-block-uagb-image__figure\"><img decoding=\"async\" srcset=\"https:\/\/tecsismtyonline.com\/wp-content\/uploads\/2023\/07\/computer-laptop-tech-4795762-1024x682.jpg \" sizes=\"auto, (max-width: 480px) 150px\" src=\"https:\/\/tecsismtyonline.com\/wp-content\/uploads\/2023\/07\/computer-laptop-tech-4795762-1024x682.jpg\" alt=\"computer, laptop, tech-4795762.jpg\" class=\"uag-image-1176\" width=\"1024\" height=\"682\" title=\"\" loading=\"lazy\"\/><\/figure><\/div>\n<\/div>\n<\/div><\/div>\n\n\n\n<div class=\"inherit-container-width wp-block-group alignfull has-background is-layout-constrained wp-block-group-is-layout-constrained\" style=\"background-color:#171717\">\n<div class=\"wp-block-uagb-advanced-heading uagb-block-5f3fcf96\"><h2 class=\"uagb-heading-text\">Nuestras Ofertas<\/h2><\/div>\n\n\n\n<div class=\"wp-block-columns alignwide are-vertically-aligned-top is-layout-flex wp-container-core-columns-is-layout-28f84493 wp-block-columns-is-layout-flex\">\n<div class=\"wp-block-column is-vertically-aligned-top is-layout-flow wp-block-column-is-layout-flow\">\n<figure class=\"wp-block-image aligncenter size-full is-resized\"><img loading=\"lazy\" decoding=\"async\" src=\"https:\/\/tecsismtyonline.com\/wp-content\/uploads\/2023\/07\/impresora.jpg\" alt=\"impresora HP negra y tintas\" class=\"wp-image-1127\" width=\"373\" height=\"373\" srcset=\"https:\/\/tecsismtyonline.com\/wp-content\/uploads\/2023\/07\/impresora.jpg 800w, https:\/\/tecsismtyonline.com\/wp-content\/uploads\/2023\/07\/impresora-300x300.jpg 300w, https:\/\/tecsismtyonline.com\/wp-content\/uploads\/2023\/07\/impresora-150x150.jpg 150w, https:\/\/tecsismtyonline.com\/wp-content\/uploads\/2023\/07\/impresora-768x768.jpg 768w\" sizes=\"auto, (max-width: 373px) 100vw, 373px\" \/><\/figure>\n\n\n\n<div style=\"height:20px\" aria-hidden=\"true\" class=\"wp-block-spacer\"><\/div>\n\n\n\n<h3 class=\"wp-block-heading has-text-color\" style=\"color:#ffffff\">Impresora Multifuncional HP Ink Tank 315<\/h3>\n\n\n\n<p class=\"has-text-color\" style=\"color:#d7d7d7\">Imoresora, esc\u00e1ner y copiadora.<\/p>\n\n\n\n<div class=\"wp-block-buttons is-layout-flex wp-block-buttons-is-layout-flex\">\n<div class=\"wp-block-button\"><a class=\"wp-block-button__link wp-element-button\" href=\"https:\/\/www.facebook.com\/marketplace\/item\/599949378794707\/\" target=\"_blank\" rel=\"noreferrer noopener\">Ver<\/a><\/div>\n<\/div>\n<\/div>\n\n\n\n<div class=\"wp-block-column is-vertically-aligned-top is-layout-flow wp-block-column-is-layout-flow\">\n<figure class=\"wp-block-image alignfull size-full\"><img loading=\"lazy\" decoding=\"async\" width=\"800\" height=\"600\" src=\"https:\/\/tecsismtyonline.com\/wp-content\/uploads\/2023\/07\/monitor2.jpg\" alt=\"\" class=\"wp-image-1163\" srcset=\"https:\/\/tecsismtyonline.com\/wp-content\/uploads\/2023\/07\/monitor2.jpg 800w, https:\/\/tecsismtyonline.com\/wp-content\/uploads\/2023\/07\/monitor2-300x225.jpg 300w, https:\/\/tecsismtyonline.com\/wp-content\/uploads\/2023\/07\/monitor2-768x576.jpg 768w\" sizes=\"auto, (max-width: 800px) 100vw, 800px\" \/><\/figure>\n\n\n\n<div style=\"height:20px\" aria-hidden=\"true\" class=\"wp-block-spacer\"><\/div>\n\n\n\n<h3 class=\"wp-block-heading has-text-color\" style=\"color:#ffffff\">Monitor HP 19.5&#8243;<\/h3>\n\n\n\n<p class=\"has-text-color\" style=\"color:#d7d7d7\">HD+ Resoluci\u00f3n de 1600&#215;900 pixeles<\/p>\n\n\n\n<div class=\"wp-block-buttons is-layout-flex wp-block-buttons-is-layout-flex\">\n<div class=\"wp-block-button\"><a class=\"wp-block-button__link wp-element-button\" href=\"https:\/\/www.facebook.com\/marketplace\/item\/165008373239105\/\" target=\"_blank\" rel=\"noreferrer noopener\">Ver<\/a><\/div>\n<\/div>\n<\/div>\n\n\n\n<div class=\"wp-block-column is-vertically-aligned-top is-layout-flow wp-block-column-is-layout-flow\">\n<figure class=\"wp-block-image aligncenter size-large is-resized\"><img loading=\"lazy\" decoding=\"async\" src=\"https:\/\/tecsismtyonline.com\/wp-content\/uploads\/2023\/07\/kit-teclado-y-mouse-inalambrico-1024x1024.jpg\" alt=\"\" class=\"wp-image-1173\" width=\"367\" height=\"367\" srcset=\"https:\/\/tecsismtyonline.com\/wp-content\/uploads\/2023\/07\/kit-teclado-y-mouse-inalambrico-1024x1024.jpg 1024w, https:\/\/tecsismtyonline.com\/wp-content\/uploads\/2023\/07\/kit-teclado-y-mouse-inalambrico-300x300.jpg 300w, https:\/\/tecsismtyonline.com\/wp-content\/uploads\/2023\/07\/kit-teclado-y-mouse-inalambrico-150x150.jpg 150w, https:\/\/tecsismtyonline.com\/wp-content\/uploads\/2023\/07\/kit-teclado-y-mouse-inalambrico-768x768.jpg 768w, https:\/\/tecsismtyonline.com\/wp-content\/uploads\/2023\/07\/kit-teclado-y-mouse-inalambrico.jpg 1200w\" sizes=\"auto, (max-width: 367px) 100vw, 367px\" \/><\/figure>\n\n\n\n<div style=\"height:20px\" aria-hidden=\"true\" class=\"wp-block-spacer\"><\/div>\n\n\n\n<h3 class=\"wp-block-heading has-text-color\" style=\"color:#ffffff\">Kit de Teclado Y Mouse Inal\u00e1mbrico<\/h3>\n\n\n\n<p class=\"has-text-color\" style=\"color:#d7d7d7\">Mejora tu espacio de trabajo<\/p>\n\n\n\n<div class=\"wp-block-buttons is-layout-flex wp-block-buttons-is-layout-flex\">\n<div class=\"wp-block-button\"><a class=\"wp-block-button__link wp-element-button\" href=\"https:\/\/www.facebook.com\/marketplace\/item\/945440659997997\/\" target=\"_blank\" rel=\"noreferrer noopener\">Ver<\/a><\/div>\n<\/div>\n<\/div>\n<\/div>\n<\/div>\n\n\n\n<div class=\"wp-block-uagb-container uagb-block-d7cc6fc6 alignfull uagb-is-root-container\"><div class=\"uagb-container-inner-blocks-wrap\">\n<div class=\"wp-block-uagb-container uagb-block-de911768\">\n<h2 class=\"wp-block-heading has-text-align-left\" id=\"contacto\">Contacto<\/h2>\n\n\n\n<p>81 89896086<\/p>\n\n\n\n<p>contacto@tecsismtyonline.com<\/p>\n\n\n\n<div class=\"wp-block-uagb-info-box uagb-block-8ddd95ec uagb-infobox__content-wrap  uagb-infobox-icon-above-title uagb-infobox-image-valign-top\"><div class=\"uagb-ifb-content\"><div class=\"uagb-ifb-title-wrap\"><h4 class=\"uagb-ifb-title\">Ubicaci\u00f3n<\/h4><\/div><p class=\"uagb-ifb-desc\">Monterrey, Nuevo Le\u00f3n, M\u00e9xico<\/p><\/div><\/div>\n\n\n\n<div class=\"wp-block-uagb-info-box uagb-block-67323ed0 uagb-infobox__content-wrap  uagb-infobox-icon-above-title uagb-infobox-image-valign-top\"><div class=\"uagb-ifb-content\"><div class=\"uagb-ifb-title-wrap\"><h4 class=\"uagb-ifb-title\"><strong><strong><strong>Vis\u00edtanos<\/strong><\/strong><\/strong><br><\/h4><\/div><\/div><\/div>\n\n\n\n<figure class=\"wp-block-image size-large is-resized\"><img loading=\"lazy\" decoding=\"async\" src=\"https:\/\/tecsismtyonline.com\/wp-content\/uploads\/2023\/07\/facebook-logo-social-network-770688-1024x1024.png\" alt=\"facebook, logo, social network-770688.jpg\" class=\"wp-image-1162\" width=\"37\" height=\"37\" srcset=\"https:\/\/tecsismtyonline.com\/wp-content\/uploads\/2023\/07\/facebook-logo-social-network-770688-1024x1024.png 1024w, https:\/\/tecsismtyonline.com\/wp-content\/uploads\/2023\/07\/facebook-logo-social-network-770688-300x300.png 300w, https:\/\/tecsismtyonline.com\/wp-content\/uploads\/2023\/07\/facebook-logo-social-network-770688-150x150.png 150w, https:\/\/tecsismtyonline.com\/wp-content\/uploads\/2023\/07\/facebook-logo-social-network-770688-768x768.png 768w, https:\/\/tecsismtyonline.com\/wp-content\/uploads\/2023\/07\/facebook-logo-social-network-770688.png 1280w\" sizes=\"auto, (max-width: 37px) 100vw, 37px\" \/><\/figure>\n<\/div>\n\n\n\n<div class=\"wp-block-uagb-container uagb-block-b6eb535f\">\n<div class=\"wp-block-uagb-advanced-heading uagb-block-d3de2693\" id=\"cotiza\"><h2 class=\"uagb-heading-text\">Cotiza tu producto o servicio con nosotros<\/h2><\/div>\n\n\n\n<p>Analizamos tus necesidades y te ofrecemos los mejores productos y servicios especialmente para lo que necesitas.<\/p>\n\n\n<div class=\"wpforms-container wpforms-block wpforms-block-7d9ac2be-ec1d-4fda-87d6-9992b69985c1\" id=\"wpforms-1191\"><form id=\"wpforms-form-1191\" class=\"wpforms-validate wpforms-form\" data-formid=\"1191\" method=\"post\" enctype=\"multipart\/form-data\" action=\"\/index.php?rest_route=%2Fwp%2Fv2%2Fpages%2F247\" data-token=\"6c417d6634439695b4ba35795f6dc104\" data-token-time=\"1776394638\"><noscript class=\"wpforms-error-noscript\">Por favor, activa JavaScript en tu navegador para completar este formulario.<\/noscript><div class=\"wpforms-field-container\"><div id=\"wpforms-1191-field_0-container\" class=\"wpforms-field wpforms-field-name\" data-field-id=\"0\"><label class=\"wpforms-field-label wpforms-label-hide\" for=\"wpforms-1191-field_0\">Name <span class=\"wpforms-required-label\">*<\/span><\/label><div class=\"wpforms-field-row wpforms-field-large\"><div class=\"wpforms-field-row-block wpforms-first wpforms-one-half\"><input type=\"text\" id=\"wpforms-1191-field_0\" class=\"wpforms-field-name-first wpforms-field-required\" name=\"wpforms[fields][0][first]\" placeholder=\"Nombre\" required><label for=\"wpforms-1191-field_0\" class=\"wpforms-field-sublabel after wpforms-sublabel-hide\">Nombre<\/label><\/div><div class=\"wpforms-field-row-block wpforms-one-half\"><input type=\"text\" id=\"wpforms-1191-field_0-last\" class=\"wpforms-field-name-last wpforms-field-required\" name=\"wpforms[fields][0][last]\" placeholder=\"Apellido\" required><label for=\"wpforms-1191-field_0-last\" class=\"wpforms-field-sublabel after wpforms-sublabel-hide\">Apellidos<\/label><\/div><\/div><\/div><div id=\"wpforms-1191-field_1-container\" class=\"wpforms-field wpforms-field-email\" data-field-id=\"1\"><label class=\"wpforms-field-label wpforms-label-hide\" for=\"wpforms-1191-field_1\">Email <span class=\"wpforms-required-label\">*<\/span><\/label><input type=\"email\" id=\"wpforms-1191-field_1\" class=\"wpforms-field-large wpforms-field-required\" name=\"wpforms[fields][1]\" placeholder=\"Email\" spellcheck=\"false\" required><\/div><div id=\"wpforms-1191-field_3-container\" class=\"wpforms-field wpforms-field-text\" data-field-id=\"3\"><label class=\"wpforms-field-label wpforms-label-hide\" for=\"wpforms-1191-field_3\">Subject <span class=\"wpforms-required-label\">*<\/span><\/label><input type=\"text\" id=\"wpforms-1191-field_3\" class=\"wpforms-field-large wpforms-field-required\" name=\"wpforms[fields][3]\" placeholder=\"Asunto\" required><\/div><div id=\"wpforms-1191-field_2-container\" class=\"wpforms-field wpforms-field-textarea\" data-field-id=\"2\"><label class=\"wpforms-field-label wpforms-label-hide\" for=\"wpforms-1191-field_2\">Comment or Message <span class=\"wpforms-required-label\">*<\/span><\/label><textarea id=\"wpforms-1191-field_2\" class=\"wpforms-field-medium wpforms-field-required\" name=\"wpforms[fields][2]\" placeholder=\"Mensaje\" required><\/textarea><\/div><\/div><!-- .wpforms-field-container --><div class=\"wpforms-field wpforms-field-hp\"><label for=\"wpforms-1191-field-hp\" class=\"wpforms-field-label\">Email<\/label><input type=\"text\" name=\"wpforms[hp]\" id=\"wpforms-1191-field-hp\" class=\"wpforms-field-medium\"><\/div><div class=\"wpforms-submit-container\" ><input type=\"hidden\" name=\"wpforms[id]\" value=\"1191\"><input type=\"hidden\" name=\"page_title\" value=\"\"><input type=\"hidden\" name=\"page_url\" value=\"https:\/\/tecsismtyonline.com\/index.php?rest_route=\/wp\/v2\/pages\/247\"><input type=\"hidden\" name=\"url_referer\" value=\"\"><button type=\"submit\" name=\"wpforms[submit]\" id=\"wpforms-submit-1191\" class=\"wpforms-submit\" data-alt-text=\"Enviando...\" data-submit-text=\"Enviar\" aria-live=\"assertive\" value=\"wpforms-submit\">Enviar<\/button><\/div><\/form><\/div>  <!-- .wpforms-container --><\/div>\n<\/div><\/div>\n","protected":false},"excerpt":{"rendered":"<p>Tu Socio en Tecnolog\u00eda y Sistemas Empresariales Adapta la Tecnolog\u00eda a tu Empresa con Nuestros Servicios Personalizados Nuestras Ofertas Impresora Multifuncional HP Ink Tank 315 Imoresora, esc\u00e1ner y copiadora. Monitor HP 19.5&#8243; HD+ Resoluci\u00f3n de 1600&#215;900 pixeles Kit de Teclado Y Mouse Inal\u00e1mbrico Mejora tu espacio de trabajo Contacto 81 89896086 contacto@tecsismtyonline.com Cotiza tu producto [&hellip;]<\/p>\n","protected":false},"author":1,"featured_media":0,"parent":0,"menu_order":0,"comment_status":"closed","ping_status":"closed","template":"","meta":{"_uag_custom_page_level_css":"        .site {\n            background-color: #F5F9F8;\n        }","site-sidebar-layout":"no-sidebar","site-content-layout":"plain-container","ast-site-content-layout":"","site-content-style":"default","site-sidebar-style":"default","ast-global-header-display":"","ast-banner-title-visibility":"","ast-main-header-display":"","ast-hfb-above-header-display":"","ast-hfb-below-header-display":"","ast-hfb-mobile-header-display":"","site-post-title":"disabled","ast-breadcrumbs-content":"","ast-featured-img":"disabled","footer-sml-layout":"","theme-transparent-header-meta":"enabled","adv-header-id-meta":"","stick-header-meta":"","header-above-stick-meta":"","header-main-stick-meta":"","header-below-stick-meta":"","astra-migrate-meta-layouts":"default","ast-page-background-enabled":"default","ast-page-background-meta":{"desktop":{"background-color":"","background-image":"","background-repeat":"repeat","background-position":"center center","background-size":"auto","background-attachment":"scroll","background-type":"","background-media":"","overlay-type":"","overlay-color":"","overlay-opacity":"","overlay-gradient":""},"tablet":{"background-color":"","background-image":"","background-repeat":"repeat","background-position":"center center","background-size":"auto","background-attachment":"scroll","background-type":"","background-media":"","overlay-type":"","overlay-color":"","overlay-opacity":"","overlay-gradient":""},"mobile":{"background-color":"","background-image":"","background-repeat":"repeat","background-position":"center center","background-size":"auto","background-attachment":"scroll","background-type":"","background-media":"","overlay-type":"","overlay-color":"","overlay-opacity":"","overlay-gradient":""}},"ast-content-background-meta":{"desktop":{"background-color":"var(--ast-global-color-5)","background-image":"","background-repeat":"repeat","background-position":"center center","background-size":"auto","background-attachment":"scroll","background-type":"","background-media":"","overlay-type":"","overlay-color":"","overlay-opacity":"","overlay-gradient":""},"tablet":{"background-color":"var(--ast-global-color-5)","background-image":"","background-repeat":"repeat","background-position":"center center","background-size":"auto","background-attachment":"scroll","background-type":"","background-media":"","overlay-type":"","overlay-color":"","overlay-opacity":"","overlay-gradient":""},"mobile":{"background-color":"var(--ast-global-color-5)","background-image":"","background-repeat":"repeat","background-position":"center center","background-size":"auto","background-attachment":"scroll","background-type":"","background-media":"","overlay-type":"","overlay-color":"","overlay-opacity":"","overlay-gradient":""}},"footnotes":""},"class_list":["post-247","page","type-page","status-publish","hentry"],"uagb_featured_image_src":{"full":false,"thumbnail":false,"medium":false,"medium_large":false,"large":false,"1536x1536":false,"2048x2048":false},"uagb_author_info":{"display_name":"admin","author_link":"https:\/\/tecsismtyonline.com\/?author=1"},"uagb_comment_info":0,"uagb_excerpt":"Tu Socio en Tecnolog\u00eda y Sistemas Empresariales Adapta la Tecnolog\u00eda a tu Empresa con Nuestros Servicios Personalizados Nuestras Ofertas Impresora Multifuncional HP Ink Tank 315 Imoresora, esc\u00e1ner y copiadora. Monitor HP 19.5&#8243; HD+ Resoluci\u00f3n de 1600&#215;900 pixeles Kit de Teclado Y Mouse Inal\u00e1mbrico Mejora tu espacio de trabajo Contacto 81 89896086 contacto@tecsismtyonline.com Cotiza tu producto&hellip;","_links":{"self":[{"href":"https:\/\/tecsismtyonline.com\/index.php?rest_route=\/wp\/v2\/pages\/247","targetHints":{"allow":["GET"]}}],"collection":[{"href":"https:\/\/tecsismtyonline.com\/index.php?rest_route=\/wp\/v2\/pages"}],"about":[{"href":"https:\/\/tecsismtyonline.com\/index.php?rest_route=\/wp\/v2\/types\/page"}],"author":[{"embeddable":true,"href":"https:\/\/tecsismtyonline.com\/index.php?rest_route=\/wp\/v2\/users\/1"}],"replies":[{"embeddable":true,"href":"https:\/\/tecsismtyonline.com\/index.php?rest_route=%2Fwp%2Fv2%2Fcomments&post=247"}],"version-history":[{"count":27,"href":"https:\/\/tecsismtyonline.com\/index.php?rest_route=\/wp\/v2\/pages\/247\/revisions"}],"predecessor-version":[{"id":1323,"href":"https:\/\/tecsismtyonline.com\/index.php?rest_route=\/wp\/v2\/pages\/247\/revisions\/1323"}],"wp:attachment":[{"href":"https:\/\/tecsismtyonline.com\/index.php?rest_route=%2Fwp%2Fv2%2Fmedia&parent=247"}],"curies":[{"name":"wp","href":"https:\/\/api.w.org\/{rel}","templated":true}]}}